{"id":10522,"date":"2025-12-11T16:26:37","date_gmt":"2025-12-11T15:26:37","guid":{"rendered":"https:\/\/www.serconplagasbolivia.com\/web\/?post_type=product&#038;p=10522"},"modified":"2025-12-11T16:26:37","modified_gmt":"2025-12-11T15:26:37","slug":"3m-mascara-de-cara-completa-6800-tamano-mediano-30061","status":"publish","type":"product","link":"https:\/\/www.serconplagasbolivia.com\/web\/producto\/3m-mascara-de-cara-completa-6800-tamano-mediano-30061\/","title":{"rendered":"3M M\u00c1SCARA DE CARA COMPLETA 6800 TAMA\u00d1O MEDIANO (30061)"},"content":{"rendered":"<p>Equipo liviano y bien balanceado gracias al arn\u00e9s de cuatro puntos de apoyo, que da mayor comodidad durante el tiempo de uso. Sistema flexible: filtros para ciertos gases, vapores y part\u00edculas (polvos, neblinas, humos met\u00e1licos) y suministro de aire. Adaptador \u00fanico central: direcciona la exhalaci\u00f3n hacia abajo en el mismo sentido de la respiraci\u00f3n, ayudando a reducir la acumulaci\u00f3n de polvo en el \u00e1rea de la v\u00e1lvula. V\u00e1lvula de exhalaci\u00f3n Cool FlowTM, ayuda a una respiraci\u00f3n m\u00e1s c\u00f3moda, fresca y seca. Pieza facial de caucho de silicona. Facilidad de uso. Amplio campo de visi\u00f3n. Pantalla resistente a sustancias qu\u00edmicas y al rayado. Viene con un film protector del visor.3 tama\u00f1os (6700-peque\u00f1o, 6800-mediano, 6900-grande). Mantenimiento m\u00ednimo, economiza tiempo y reduce inventario de repuestos.<\/p>\n","protected":false},"excerpt":{"rendered":"<p>Equipo liviano y bien balanceado gracias al arn\u00e9s de cuatro puntos de apoyo, que da mayor comodidad durante el tiempo<\/p>\n","protected":false},"featured_media":10523,"template":"","meta":{"_joinchat":[]},"product_brand":[],"product_cat":[75],"product_tag":[204],"class_list":{"0":"post-10522","1":"product","2":"type-product","3":"status-publish","4":"has-post-thumbnail","6":"product_cat-elementos-de-seguridad","7":"product_tag-mascara","9":"first","10":"instock","11":"shipping-taxable","12":"product-type-simple"},"yoast_head":"<!-- This site is optimized with the Yoast SEO plugin v25.9 - https:\/\/yoast.com\/wordpress\/plugins\/seo\/ -->\n<title>3M M\u00c1SCARA DE CARA COMPLETA 6800 TAMA\u00d1O MEDIANO (30061) - Serconplagas<\/title>\n<meta name=\"robots\" content=\"index, follow, max-snippet:-1, max-image-preview:large, max-video-preview:-1\" \/>\n<link rel=\"canonical\" href=\"https:\/\/www.serconplagasbolivia.com\/web\/producto\/3m-mascara-de-cara-completa-6800-tamano-mediano-30061\/\" \/>\n<meta property=\"og:locale\" content=\"es_ES\" \/>\n<meta property=\"og:type\" content=\"article\" \/>\n<meta property=\"og:title\" content=\"3M M\u00c1SCARA DE CARA COMPLETA 6800 TAMA\u00d1O MEDIANO (30061) - Serconplagas\" \/>\n<meta property=\"og:description\" content=\"Equipo liviano y bien balanceado gracias al arn\u00e9s de cuatro puntos de apoyo, que da mayor comodidad durante el tiempo\" \/>\n<meta property=\"og:url\" content=\"https:\/\/www.serconplagasbolivia.com\/web\/producto\/3m-mascara-de-cara-completa-6800-tamano-mediano-30061\/\" \/>\n<meta property=\"og:site_name\" content=\"Serconplagas\" \/>\n<meta property=\"article:publisher\" content=\"https:\/\/www.facebook.com\/Sercomplagasbo\" \/>\n<meta property=\"og:image\" content=\"https:\/\/www.serconplagasbolivia.com\/web\/wp-content\/uploads\/2025\/12\/Diseno-sin-titulo-2025-12-11T112534.312.png\" \/>\n\t<meta property=\"og:image:width\" content=\"600\" \/>\n\t<meta property=\"og:image:height\" content=\"600\" \/>\n\t<meta property=\"og:image:type\" content=\"image\/png\" \/>\n<meta name=\"twitter:card\" content=\"summary_large_image\" \/>\n<meta name=\"twitter:label1\" content=\"Tiempo de lectura\" \/>\n\t<meta name=\"twitter:data1\" content=\"1 minuto\" \/>\n<script type=\"application\/ld+json\" class=\"yoast-schema-graph\">{\"@context\":\"https:\/\/schema.org\",\"@graph\":[{\"@type\":\"WebPage\",\"@id\":\"https:\/\/www.serconplagasbolivia.com\/web\/producto\/3m-mascara-de-cara-completa-6800-tamano-mediano-30061\/\",\"url\":\"https:\/\/www.serconplagasbolivia.com\/web\/producto\/3m-mascara-de-cara-completa-6800-tamano-mediano-30061\/\",\"name\":\"3M M\u00c1SCARA DE CARA COMPLETA 6800 TAMA\u00d1O MEDIANO (30061) - Serconplagas\",\"isPartOf\":{\"@id\":\"https:\/\/www.serconplagasbolivia.com\/web\/#website\"},\"primaryImageOfPage\":{\"@id\":\"https:\/\/www.serconplagasbolivia.com\/web\/producto\/3m-mascara-de-cara-completa-6800-tamano-mediano-30061\/#primaryimage\"},\"image\":{\"@id\":\"https:\/\/www.serconplagasbolivia.com\/web\/producto\/3m-mascara-de-cara-completa-6800-tamano-mediano-30061\/#primaryimage\"},\"thumbnailUrl\":\"https:\/\/www.serconplagasbolivia.com\/web\/wp-content\/uploads\/2025\/12\/Diseno-sin-titulo-2025-12-11T112534.312.png\",\"datePublished\":\"2025-12-11T15:26:37+00:00\",\"breadcrumb\":{\"@id\":\"https:\/\/www.serconplagasbolivia.com\/web\/producto\/3m-mascara-de-cara-completa-6800-tamano-mediano-30061\/#breadcrumb\"},\"inLanguage\":\"es\",\"potentialAction\":[{\"@type\":\"ReadAction\",\"target\":[\"https:\/\/www.serconplagasbolivia.com\/web\/producto\/3m-mascara-de-cara-completa-6800-tamano-mediano-30061\/\"]}]},{\"@type\":\"ImageObject\",\"inLanguage\":\"es\",\"@id\":\"https:\/\/www.serconplagasbolivia.com\/web\/producto\/3m-mascara-de-cara-completa-6800-tamano-mediano-30061\/#primaryimage\",\"url\":\"https:\/\/www.serconplagasbolivia.com\/web\/wp-content\/uploads\/2025\/12\/Diseno-sin-titulo-2025-12-11T112534.312.png\",\"contentUrl\":\"https:\/\/www.serconplagasbolivia.com\/web\/wp-content\/uploads\/2025\/12\/Diseno-sin-titulo-2025-12-11T112534.312.png\",\"width\":600,\"height\":600},{\"@type\":\"BreadcrumbList\",\"@id\":\"https:\/\/www.serconplagasbolivia.com\/web\/producto\/3m-mascara-de-cara-completa-6800-tamano-mediano-30061\/#breadcrumb\",\"itemListElement\":[{\"@type\":\"ListItem\",\"position\":1,\"name\":\"Portada\",\"item\":\"https:\/\/www.serconplagasbolivia.com\/web\/\"},{\"@type\":\"ListItem\",\"position\":2,\"name\":\"Catalogo Online\",\"item\":\"https:\/\/www.serconplagasbolivia.com\/web\/catalogo-online\/\"},{\"@type\":\"ListItem\",\"position\":3,\"name\":\"3M M\u00c1SCARA DE CARA COMPLETA 6800 TAMA\u00d1O MEDIANO (30061)\"}]},{\"@type\":\"WebSite\",\"@id\":\"https:\/\/www.serconplagasbolivia.com\/web\/#website\",\"url\":\"https:\/\/www.serconplagasbolivia.com\/web\/\",\"name\":\"Serconplagas\",\"description\":\"\",\"publisher\":{\"@id\":\"https:\/\/www.serconplagasbolivia.com\/web\/#organization\"},\"potentialAction\":[{\"@type\":\"SearchAction\",\"target\":{\"@type\":\"EntryPoint\",\"urlTemplate\":\"https:\/\/www.serconplagasbolivia.com\/web\/?s={search_term_string}\"},\"query-input\":{\"@type\":\"PropertyValueSpecification\",\"valueRequired\":true,\"valueName\":\"search_term_string\"}}],\"inLanguage\":\"es\"},{\"@type\":\"Organization\",\"@id\":\"https:\/\/www.serconplagasbolivia.com\/web\/#organization\",\"name\":\"Serconplagas\",\"url\":\"https:\/\/www.serconplagasbolivia.com\/web\/\",\"logo\":{\"@type\":\"ImageObject\",\"inLanguage\":\"es\",\"@id\":\"https:\/\/www.serconplagasbolivia.com\/web\/#\/schema\/logo\/image\/\",\"url\":\"https:\/\/www.serconplagasbolivia.com\/web\/wp-content\/uploads\/2025\/07\/logo2.png\",\"contentUrl\":\"https:\/\/www.serconplagasbolivia.com\/web\/wp-content\/uploads\/2025\/07\/logo2.png\",\"width\":600,\"height\":205,\"caption\":\"Serconplagas\"},\"image\":{\"@id\":\"https:\/\/www.serconplagasbolivia.com\/web\/#\/schema\/logo\/image\/\"},\"sameAs\":[\"https:\/\/www.facebook.com\/Sercomplagasbo\"]}]}<\/script>\n<!-- \/ Yoast SEO plugin. -->","yoast_head_json":{"title":"3M M\u00c1SCARA DE CARA COMPLETA 6800 TAMA\u00d1O MEDIANO (30061) - Serconplagas","robots":{"index":"index","follow":"follow","max-snippet":"max-snippet:-1","max-image-preview":"max-image-preview:large","max-video-preview":"max-video-preview:-1"},"canonical":"https:\/\/www.serconplagasbolivia.com\/web\/producto\/3m-mascara-de-cara-completa-6800-tamano-mediano-30061\/","og_locale":"es_ES","og_type":"article","og_title":"3M M\u00c1SCARA DE CARA COMPLETA 6800 TAMA\u00d1O MEDIANO (30061) - Serconplagas","og_description":"Equipo liviano y bien balanceado gracias al arn\u00e9s de cuatro puntos de apoyo, que da mayor comodidad durante el tiempo","og_url":"https:\/\/www.serconplagasbolivia.com\/web\/producto\/3m-mascara-de-cara-completa-6800-tamano-mediano-30061\/","og_site_name":"Serconplagas","article_publisher":"https:\/\/www.facebook.com\/Sercomplagasbo","og_image":[{"width":600,"height":600,"url":"https:\/\/www.serconplagasbolivia.com\/web\/wp-content\/uploads\/2025\/12\/Diseno-sin-titulo-2025-12-11T112534.312.png","type":"image\/png"}],"twitter_card":"summary_large_image","twitter_misc":{"Tiempo de lectura":"1 minuto"},"schema":{"@context":"https:\/\/schema.org","@graph":[{"@type":"WebPage","@id":"https:\/\/www.serconplagasbolivia.com\/web\/producto\/3m-mascara-de-cara-completa-6800-tamano-mediano-30061\/","url":"https:\/\/www.serconplagasbolivia.com\/web\/producto\/3m-mascara-de-cara-completa-6800-tamano-mediano-30061\/","name":"3M M\u00c1SCARA DE CARA COMPLETA 6800 TAMA\u00d1O MEDIANO (30061) - Serconplagas","isPartOf":{"@id":"https:\/\/www.serconplagasbolivia.com\/web\/#website"},"primaryImageOfPage":{"@id":"https:\/\/www.serconplagasbolivia.com\/web\/producto\/3m-mascara-de-cara-completa-6800-tamano-mediano-30061\/#primaryimage"},"image":{"@id":"https:\/\/www.serconplagasbolivia.com\/web\/producto\/3m-mascara-de-cara-completa-6800-tamano-mediano-30061\/#primaryimage"},"thumbnailUrl":"https:\/\/www.serconplagasbolivia.com\/web\/wp-content\/uploads\/2025\/12\/Diseno-sin-titulo-2025-12-11T112534.312.png","datePublished":"2025-12-11T15:26:37+00:00","breadcrumb":{"@id":"https:\/\/www.serconplagasbolivia.com\/web\/producto\/3m-mascara-de-cara-completa-6800-tamano-mediano-30061\/#breadcrumb"},"inLanguage":"es","potentialAction":[{"@type":"ReadAction","target":["https:\/\/www.serconplagasbolivia.com\/web\/producto\/3m-mascara-de-cara-completa-6800-tamano-mediano-30061\/"]}]},{"@type":"ImageObject","inLanguage":"es","@id":"https:\/\/www.serconplagasbolivia.com\/web\/producto\/3m-mascara-de-cara-completa-6800-tamano-mediano-30061\/#primaryimage","url":"https:\/\/www.serconplagasbolivia.com\/web\/wp-content\/uploads\/2025\/12\/Diseno-sin-titulo-2025-12-11T112534.312.png","contentUrl":"https:\/\/www.serconplagasbolivia.com\/web\/wp-content\/uploads\/2025\/12\/Diseno-sin-titulo-2025-12-11T112534.312.png","width":600,"height":600},{"@type":"BreadcrumbList","@id":"https:\/\/www.serconplagasbolivia.com\/web\/producto\/3m-mascara-de-cara-completa-6800-tamano-mediano-30061\/#breadcrumb","itemListElement":[{"@type":"ListItem","position":1,"name":"Portada","item":"https:\/\/www.serconplagasbolivia.com\/web\/"},{"@type":"ListItem","position":2,"name":"Catalogo Online","item":"https:\/\/www.serconplagasbolivia.com\/web\/catalogo-online\/"},{"@type":"ListItem","position":3,"name":"3M M\u00c1SCARA DE CARA COMPLETA 6800 TAMA\u00d1O MEDIANO (30061)"}]},{"@type":"WebSite","@id":"https:\/\/www.serconplagasbolivia.com\/web\/#website","url":"https:\/\/www.serconplagasbolivia.com\/web\/","name":"Serconplagas","description":"","publisher":{"@id":"https:\/\/www.serconplagasbolivia.com\/web\/#organization"},"potentialAction":[{"@type":"SearchAction","target":{"@type":"EntryPoint","urlTemplate":"https:\/\/www.serconplagasbolivia.com\/web\/?s={search_term_string}"},"query-input":{"@type":"PropertyValueSpecification","valueRequired":true,"valueName":"search_term_string"}}],"inLanguage":"es"},{"@type":"Organization","@id":"https:\/\/www.serconplagasbolivia.com\/web\/#organization","name":"Serconplagas","url":"https:\/\/www.serconplagasbolivia.com\/web\/","logo":{"@type":"ImageObject","inLanguage":"es","@id":"https:\/\/www.serconplagasbolivia.com\/web\/#\/schema\/logo\/image\/","url":"https:\/\/www.serconplagasbolivia.com\/web\/wp-content\/uploads\/2025\/07\/logo2.png","contentUrl":"https:\/\/www.serconplagasbolivia.com\/web\/wp-content\/uploads\/2025\/07\/logo2.png","width":600,"height":205,"caption":"Serconplagas"},"image":{"@id":"https:\/\/www.serconplagasbolivia.com\/web\/#\/schema\/logo\/image\/"},"sameAs":["https:\/\/www.facebook.com\/Sercomplagasbo"]}]}},"_links":{"self":[{"href":"https:\/\/www.serconplagasbolivia.com\/web\/wp-json\/wp\/v2\/product\/10522","targetHints":{"allow":["GET"]}}],"collection":[{"href":"https:\/\/www.serconplagasbolivia.com\/web\/wp-json\/wp\/v2\/product"}],"about":[{"href":"https:\/\/www.serconplagasbolivia.com\/web\/wp-json\/wp\/v2\/types\/product"}],"wp:featuredmedia":[{"embeddable":true,"href":"https:\/\/www.serconplagasbolivia.com\/web\/wp-json\/wp\/v2\/media\/10523"}],"wp:attachment":[{"href":"https:\/\/www.serconplagasbolivia.com\/web\/wp-json\/wp\/v2\/media?parent=10522"}],"wp:term":[{"taxonomy":"product_brand","embeddable":true,"href":"https:\/\/www.serconplagasbolivia.com\/web\/wp-json\/wp\/v2\/product_brand?post=10522"},{"taxonomy":"product_cat","embeddable":true,"href":"https:\/\/www.serconplagasbolivia.com\/web\/wp-json\/wp\/v2\/product_cat?post=10522"},{"taxonomy":"product_tag","embeddable":true,"href":"https:\/\/www.serconplagasbolivia.com\/web\/wp-json\/wp\/v2\/product_tag?post=10522"}],"curies":[{"name":"wp","href":"https:\/\/api.w.org\/{rel}","templated":true}]}}