{"id":10309,"date":"2025-12-02T16:07:43","date_gmt":"2025-12-02T15:07:43","guid":{"rendered":"https:\/\/www.serconplagasbolivia.com\/web\/?post_type=product&#038;p=10309"},"modified":"2025-12-02T16:07:43","modified_gmt":"2025-12-02T15:07:43","slug":"spinner-repelente-de-aves-reflector-disuasorio-360-giratorio","status":"publish","type":"product","link":"https:\/\/www.serconplagasbolivia.com\/web\/producto\/spinner-repelente-de-aves-reflector-disuasorio-360-giratorio\/","title":{"rendered":"SPINNER REPELENTE DE AVES, REFLECTOR DISUASORIO 360\u00b0 GIRATORIO"},"content":{"rendered":"<p>Molino de viento de jard\u00edn y se puede usar para ahuyentar a la mayor\u00eda de las aves, como cuervos, gorriones, palomas y otras. Aves al aire , esta ave con forma de molino de viento es reflectante y funciona durante todo el a\u00f1o, incluso durante el clima tormentoso. Modelado de molinos de viento. Este art\u00edculo est\u00e1 bien hecho de material de acero inoxidable para un uso duradero y pr\u00e1ctico.<\/p>\n","protected":false},"excerpt":{"rendered":"<article class=\"text-token-text-primary w-full focus:outline-none [--shadow-height:45px] has-data-writing-block:pointer-events-none has-data-writing-block:-mt-(--shadow-height) has-data-writing-block:pt-(--shadow-height) [&amp;:has([data-writing-block])&gt;*]:pointer-events-auto scroll-mt-[calc(var(--header-height)+min(200px,max(70px,20svh)))]\" dir=\"auto\" tabindex=\"-1\" data-turn-id=\"request-692e3664-a834-832d-9dd6-f316715b9093-3\" data-testid=\"conversation-turn-28\" data-scroll-anchor=\"true\" data-turn=\"assistant\">\n<div class=\"text-base my-auto mx-auto pb-10 [--thread-content-margin:--spacing(4)] thread-sm:[--thread-content-margin:--spacing(6)] thread-lg:[--thread-content-margin:--spacing(16)] px-(--thread-content-margin)\">\n<div class=\"[--thread-content-max-width:40rem] thread-lg:[--thread-content-max-width:48rem] mx-auto max-w-(--thread-content-max-width) flex-1 group\/turn-messages focus-visible:outline-hidden relative flex w-full min-w-0 flex-col agent-turn\" tabindex=\"-1\">\n<div class=\"flex max-w-full flex-col grow\">\n<div class=\"min-h-8 text-message relative flex w-full flex-col items-end gap-2 text-start break-words whitespace-normal [.text-message+&amp;]:mt-1\" dir=\"auto\" data-message-author-role=\"assistant\" data-message-id=\"9c42ea8e-88d6-46ea-891c-1db50ef2dafb\" data-message-model-slug=\"gpt-5-1\">\n<div class=\"flex w-full flex-col gap-1 empty:hidden first:pt-[1px]\">\n<div class=\"markdown prose dark:prose-invert w-full break-words dark markdown-new-styling\">\n<p data-start=\"101\" data-end=\"428\" data-is-last-node=\"\" data-is-only-node=\"\"><strong data-start=\"101\" data-end=\"167\">Spinner repelente de aves, reflector disuasorio 360\u00b0 giratorio<\/strong> es un dispositivo que gira con el viento y refleja la luz en todas direcciones, generando destellos que ahuyentan de forma segura y ecol\u00f3gica a palomas y otras aves. es f\u00e1cil de instalar y funciona como un eficaz disuasor visual en techos, terrazas y jardines.<\/p>\n<\/div>\n<\/div>\n<\/div>\n<\/div>\n<div class=\"z-0 flex min-h-[46px] justify-start\"><\/div>\n<div class=\"mt-3 w-full empty:hidden\">\n<div class=\"text-center\"><\/div>\n<\/div>\n<\/div>\n<\/div>\n<\/article>\n<div class=\"pointer-events-none h-px w-px\" aria-hidden=\"true\" data-edge=\"true\"><\/div>\n","protected":false},"featured_media":10310,"template":"","meta":{"_joinchat":[]},"product_brand":[],"product_cat":[74],"product_tag":[120,119],"class_list":{"0":"post-10309","1":"product","2":"type-product","3":"status-publish","4":"has-post-thumbnail","6":"product_cat-disuasivos-y-repelentes","7":"product_tag-reflector-disuasorio-360","8":"product_tag-spinner-repelente-de-aves","10":"first","11":"instock","12":"shipping-taxable","13":"product-type-simple"},"yoast_head":"<!-- This site is optimized with the Yoast SEO plugin v25.9 - https:\/\/yoast.com\/wordpress\/plugins\/seo\/ -->\n<title>SPINNER REPELENTE DE AVES, REFLECTOR DISUASORIO 360\u00b0 GIRATORIO - Serconplagas<\/title>\n<meta name=\"robots\" content=\"index, follow, max-snippet:-1, max-image-preview:large, max-video-preview:-1\" \/>\n<link rel=\"canonical\" href=\"https:\/\/www.serconplagasbolivia.com\/web\/producto\/spinner-repelente-de-aves-reflector-disuasorio-360-giratorio\/\" \/>\n<meta property=\"og:locale\" content=\"es_ES\" \/>\n<meta property=\"og:type\" content=\"article\" \/>\n<meta property=\"og:title\" content=\"SPINNER REPELENTE DE AVES, REFLECTOR DISUASORIO 360\u00b0 GIRATORIO - Serconplagas\" \/>\n<meta property=\"og:description\" content=\"Spinner repelente de aves, reflector disuasorio 360\u00b0 giratorio es un dispositivo que gira con el viento y refleja la luz en todas direcciones, generando destellos que ahuyentan de forma segura y ecol\u00f3gica a palomas y otras aves. es f\u00e1cil de instalar y funciona como un eficaz disuasor visual en techos, terrazas y jardines.\" \/>\n<meta property=\"og:url\" content=\"https:\/\/www.serconplagasbolivia.com\/web\/producto\/spinner-repelente-de-aves-reflector-disuasorio-360-giratorio\/\" \/>\n<meta property=\"og:site_name\" content=\"Serconplagas\" \/>\n<meta property=\"article:publisher\" content=\"https:\/\/www.facebook.com\/Sercomplagasbo\" \/>\n<meta property=\"og:image\" content=\"https:\/\/www.serconplagasbolivia.com\/web\/wp-content\/uploads\/2025\/12\/Diseno-sin-titulo-14.png\" \/>\n\t<meta property=\"og:image:width\" content=\"600\" \/>\n\t<meta property=\"og:image:height\" content=\"600\" \/>\n\t<meta property=\"og:image:type\" content=\"image\/png\" \/>\n<meta name=\"twitter:card\" content=\"summary_large_image\" \/>\n<meta name=\"twitter:label1\" content=\"Tiempo de lectura\" \/>\n\t<meta name=\"twitter:data1\" content=\"1 minuto\" \/>\n<script type=\"application\/ld+json\" class=\"yoast-schema-graph\">{\"@context\":\"https:\/\/schema.org\",\"@graph\":[{\"@type\":\"WebPage\",\"@id\":\"https:\/\/www.serconplagasbolivia.com\/web\/producto\/spinner-repelente-de-aves-reflector-disuasorio-360-giratorio\/\",\"url\":\"https:\/\/www.serconplagasbolivia.com\/web\/producto\/spinner-repelente-de-aves-reflector-disuasorio-360-giratorio\/\",\"name\":\"SPINNER REPELENTE DE AVES, REFLECTOR DISUASORIO 360\u00b0 GIRATORIO - Serconplagas\",\"isPartOf\":{\"@id\":\"https:\/\/www.serconplagasbolivia.com\/web\/#website\"},\"primaryImageOfPage\":{\"@id\":\"https:\/\/www.serconplagasbolivia.com\/web\/producto\/spinner-repelente-de-aves-reflector-disuasorio-360-giratorio\/#primaryimage\"},\"image\":{\"@id\":\"https:\/\/www.serconplagasbolivia.com\/web\/producto\/spinner-repelente-de-aves-reflector-disuasorio-360-giratorio\/#primaryimage\"},\"thumbnailUrl\":\"https:\/\/www.serconplagasbolivia.com\/web\/wp-content\/uploads\/2025\/12\/Diseno-sin-titulo-14.png\",\"datePublished\":\"2025-12-02T15:07:43+00:00\",\"breadcrumb\":{\"@id\":\"https:\/\/www.serconplagasbolivia.com\/web\/producto\/spinner-repelente-de-aves-reflector-disuasorio-360-giratorio\/#breadcrumb\"},\"inLanguage\":\"es\",\"potentialAction\":[{\"@type\":\"ReadAction\",\"target\":[\"https:\/\/www.serconplagasbolivia.com\/web\/producto\/spinner-repelente-de-aves-reflector-disuasorio-360-giratorio\/\"]}]},{\"@type\":\"ImageObject\",\"inLanguage\":\"es\",\"@id\":\"https:\/\/www.serconplagasbolivia.com\/web\/producto\/spinner-repelente-de-aves-reflector-disuasorio-360-giratorio\/#primaryimage\",\"url\":\"https:\/\/www.serconplagasbolivia.com\/web\/wp-content\/uploads\/2025\/12\/Diseno-sin-titulo-14.png\",\"contentUrl\":\"https:\/\/www.serconplagasbolivia.com\/web\/wp-content\/uploads\/2025\/12\/Diseno-sin-titulo-14.png\",\"width\":600,\"height\":600},{\"@type\":\"BreadcrumbList\",\"@id\":\"https:\/\/www.serconplagasbolivia.com\/web\/producto\/spinner-repelente-de-aves-reflector-disuasorio-360-giratorio\/#breadcrumb\",\"itemListElement\":[{\"@type\":\"ListItem\",\"position\":1,\"name\":\"Portada\",\"item\":\"https:\/\/www.serconplagasbolivia.com\/web\/\"},{\"@type\":\"ListItem\",\"position\":2,\"name\":\"Catalogo Online\",\"item\":\"https:\/\/www.serconplagasbolivia.com\/web\/catalogo-online\/\"},{\"@type\":\"ListItem\",\"position\":3,\"name\":\"SPINNER REPELENTE DE AVES, REFLECTOR DISUASORIO 360\u00b0 GIRATORIO\"}]},{\"@type\":\"WebSite\",\"@id\":\"https:\/\/www.serconplagasbolivia.com\/web\/#website\",\"url\":\"https:\/\/www.serconplagasbolivia.com\/web\/\",\"name\":\"Serconplagas\",\"description\":\"\",\"publisher\":{\"@id\":\"https:\/\/www.serconplagasbolivia.com\/web\/#organization\"},\"potentialAction\":[{\"@type\":\"SearchAction\",\"target\":{\"@type\":\"EntryPoint\",\"urlTemplate\":\"https:\/\/www.serconplagasbolivia.com\/web\/?s={search_term_string}\"},\"query-input\":{\"@type\":\"PropertyValueSpecification\",\"valueRequired\":true,\"valueName\":\"search_term_string\"}}],\"inLanguage\":\"es\"},{\"@type\":\"Organization\",\"@id\":\"https:\/\/www.serconplagasbolivia.com\/web\/#organization\",\"name\":\"Serconplagas\",\"url\":\"https:\/\/www.serconplagasbolivia.com\/web\/\",\"logo\":{\"@type\":\"ImageObject\",\"inLanguage\":\"es\",\"@id\":\"https:\/\/www.serconplagasbolivia.com\/web\/#\/schema\/logo\/image\/\",\"url\":\"https:\/\/www.serconplagasbolivia.com\/web\/wp-content\/uploads\/2025\/07\/logo2.png\",\"contentUrl\":\"https:\/\/www.serconplagasbolivia.com\/web\/wp-content\/uploads\/2025\/07\/logo2.png\",\"width\":600,\"height\":205,\"caption\":\"Serconplagas\"},\"image\":{\"@id\":\"https:\/\/www.serconplagasbolivia.com\/web\/#\/schema\/logo\/image\/\"},\"sameAs\":[\"https:\/\/www.facebook.com\/Sercomplagasbo\"]}]}<\/script>\n<!-- \/ Yoast SEO plugin. -->","yoast_head_json":{"title":"SPINNER REPELENTE DE AVES, REFLECTOR DISUASORIO 360\u00b0 GIRATORIO - Serconplagas","robots":{"index":"index","follow":"follow","max-snippet":"max-snippet:-1","max-image-preview":"max-image-preview:large","max-video-preview":"max-video-preview:-1"},"canonical":"https:\/\/www.serconplagasbolivia.com\/web\/producto\/spinner-repelente-de-aves-reflector-disuasorio-360-giratorio\/","og_locale":"es_ES","og_type":"article","og_title":"SPINNER REPELENTE DE AVES, REFLECTOR DISUASORIO 360\u00b0 GIRATORIO - Serconplagas","og_description":"Spinner repelente de aves, reflector disuasorio 360\u00b0 giratorio es un dispositivo que gira con el viento y refleja la luz en todas direcciones, generando destellos que ahuyentan de forma segura y ecol\u00f3gica a palomas y otras aves. es f\u00e1cil de instalar y funciona como un eficaz disuasor visual en techos, terrazas y jardines.","og_url":"https:\/\/www.serconplagasbolivia.com\/web\/producto\/spinner-repelente-de-aves-reflector-disuasorio-360-giratorio\/","og_site_name":"Serconplagas","article_publisher":"https:\/\/www.facebook.com\/Sercomplagasbo","og_image":[{"width":600,"height":600,"url":"https:\/\/www.serconplagasbolivia.com\/web\/wp-content\/uploads\/2025\/12\/Diseno-sin-titulo-14.png","type":"image\/png"}],"twitter_card":"summary_large_image","twitter_misc":{"Tiempo de lectura":"1 minuto"},"schema":{"@context":"https:\/\/schema.org","@graph":[{"@type":"WebPage","@id":"https:\/\/www.serconplagasbolivia.com\/web\/producto\/spinner-repelente-de-aves-reflector-disuasorio-360-giratorio\/","url":"https:\/\/www.serconplagasbolivia.com\/web\/producto\/spinner-repelente-de-aves-reflector-disuasorio-360-giratorio\/","name":"SPINNER REPELENTE DE AVES, REFLECTOR DISUASORIO 360\u00b0 GIRATORIO - Serconplagas","isPartOf":{"@id":"https:\/\/www.serconplagasbolivia.com\/web\/#website"},"primaryImageOfPage":{"@id":"https:\/\/www.serconplagasbolivia.com\/web\/producto\/spinner-repelente-de-aves-reflector-disuasorio-360-giratorio\/#primaryimage"},"image":{"@id":"https:\/\/www.serconplagasbolivia.com\/web\/producto\/spinner-repelente-de-aves-reflector-disuasorio-360-giratorio\/#primaryimage"},"thumbnailUrl":"https:\/\/www.serconplagasbolivia.com\/web\/wp-content\/uploads\/2025\/12\/Diseno-sin-titulo-14.png","datePublished":"2025-12-02T15:07:43+00:00","breadcrumb":{"@id":"https:\/\/www.serconplagasbolivia.com\/web\/producto\/spinner-repelente-de-aves-reflector-disuasorio-360-giratorio\/#breadcrumb"},"inLanguage":"es","potentialAction":[{"@type":"ReadAction","target":["https:\/\/www.serconplagasbolivia.com\/web\/producto\/spinner-repelente-de-aves-reflector-disuasorio-360-giratorio\/"]}]},{"@type":"ImageObject","inLanguage":"es","@id":"https:\/\/www.serconplagasbolivia.com\/web\/producto\/spinner-repelente-de-aves-reflector-disuasorio-360-giratorio\/#primaryimage","url":"https:\/\/www.serconplagasbolivia.com\/web\/wp-content\/uploads\/2025\/12\/Diseno-sin-titulo-14.png","contentUrl":"https:\/\/www.serconplagasbolivia.com\/web\/wp-content\/uploads\/2025\/12\/Diseno-sin-titulo-14.png","width":600,"height":600},{"@type":"BreadcrumbList","@id":"https:\/\/www.serconplagasbolivia.com\/web\/producto\/spinner-repelente-de-aves-reflector-disuasorio-360-giratorio\/#breadcrumb","itemListElement":[{"@type":"ListItem","position":1,"name":"Portada","item":"https:\/\/www.serconplagasbolivia.com\/web\/"},{"@type":"ListItem","position":2,"name":"Catalogo Online","item":"https:\/\/www.serconplagasbolivia.com\/web\/catalogo-online\/"},{"@type":"ListItem","position":3,"name":"SPINNER REPELENTE DE AVES, REFLECTOR DISUASORIO 360\u00b0 GIRATORIO"}]},{"@type":"WebSite","@id":"https:\/\/www.serconplagasbolivia.com\/web\/#website","url":"https:\/\/www.serconplagasbolivia.com\/web\/","name":"Serconplagas","description":"","publisher":{"@id":"https:\/\/www.serconplagasbolivia.com\/web\/#organization"},"potentialAction":[{"@type":"SearchAction","target":{"@type":"EntryPoint","urlTemplate":"https:\/\/www.serconplagasbolivia.com\/web\/?s={search_term_string}"},"query-input":{"@type":"PropertyValueSpecification","valueRequired":true,"valueName":"search_term_string"}}],"inLanguage":"es"},{"@type":"Organization","@id":"https:\/\/www.serconplagasbolivia.com\/web\/#organization","name":"Serconplagas","url":"https:\/\/www.serconplagasbolivia.com\/web\/","logo":{"@type":"ImageObject","inLanguage":"es","@id":"https:\/\/www.serconplagasbolivia.com\/web\/#\/schema\/logo\/image\/","url":"https:\/\/www.serconplagasbolivia.com\/web\/wp-content\/uploads\/2025\/07\/logo2.png","contentUrl":"https:\/\/www.serconplagasbolivia.com\/web\/wp-content\/uploads\/2025\/07\/logo2.png","width":600,"height":205,"caption":"Serconplagas"},"image":{"@id":"https:\/\/www.serconplagasbolivia.com\/web\/#\/schema\/logo\/image\/"},"sameAs":["https:\/\/www.facebook.com\/Sercomplagasbo"]}]}},"_links":{"self":[{"href":"https:\/\/www.serconplagasbolivia.com\/web\/wp-json\/wp\/v2\/product\/10309","targetHints":{"allow":["GET"]}}],"collection":[{"href":"https:\/\/www.serconplagasbolivia.com\/web\/wp-json\/wp\/v2\/product"}],"about":[{"href":"https:\/\/www.serconplagasbolivia.com\/web\/wp-json\/wp\/v2\/types\/product"}],"wp:featuredmedia":[{"embeddable":true,"href":"https:\/\/www.serconplagasbolivia.com\/web\/wp-json\/wp\/v2\/media\/10310"}],"wp:attachment":[{"href":"https:\/\/www.serconplagasbolivia.com\/web\/wp-json\/wp\/v2\/media?parent=10309"}],"wp:term":[{"taxonomy":"product_brand","embeddable":true,"href":"https:\/\/www.serconplagasbolivia.com\/web\/wp-json\/wp\/v2\/product_brand?post=10309"},{"taxonomy":"product_cat","embeddable":true,"href":"https:\/\/www.serconplagasbolivia.com\/web\/wp-json\/wp\/v2\/product_cat?post=10309"},{"taxonomy":"product_tag","embeddable":true,"href":"https:\/\/www.serconplagasbolivia.com\/web\/wp-json\/wp\/v2\/product_tag?post=10309"}],"curies":[{"name":"wp","href":"https:\/\/api.w.org\/{rel}","templated":true}]}}