{"id":5212,"date":"2021-08-25T07:26:28","date_gmt":"2021-08-25T07:26:28","guid":{"rendered":"http:\/\/dummy.xtemos.com\/woodmart2\/?page_id=5212"},"modified":"2025-07-10T00:34:56","modified_gmt":"2025-07-09T22:34:56","slug":"quienes-somos","status":"publish","type":"page","link":"https:\/\/www.serconplagasbolivia.com\/web\/quienes-somos\/","title":{"rendered":"Quienes Somos"},"content":{"rendered":"<div class=\"wpb-content-wrapper\"><p>[vc_row][vc_column width=\u00bb1\/2&#8243;][vc_single_image image=\u00bb10176&#8243; img_size=\u00bbfull\u00bb css=\u00bb\u00bb parallax_scroll=\u00bbno\u00bb woodmart_inline=\u00bbno\u00bb][\/vc_column][vc_column width=\u00bb1\/2&#8243;][vc_column_text css=\u00bb\u00bb woodmart_inline=\u00bbno\u00bb text_larger=\u00bbno\u00bb]Somos una empresa Boliviana con m\u00e1s de 8 a\u00f1os en el mercado legalmente constituida dedicada exclusivamente a proveer Soluciones para el Manejo Integrado de Plagas, a trav\u00e9s de servicios a trav\u00e9s de la apelaci\u00f3n de los mejores m\u00e9todos y tecnicas, venta de productos y equipos a Empresas y Profesionales del Control de Plagas en todo el territorio Boliviano y la regi\u00f3n.<\/p>\n<p>Somos referentes en formaci\u00f3n, v\u00eda directa y online, y nuestro staff est\u00e1 en permanente formaci\u00f3n y actualizaci\u00f3n, estudiando cada uno de los productos plaguicidas que ingresan en el mercado. Como compa\u00f1\u00eda, buscamos crecer protegiendo su salud y calidad de vida con \u00e9tica y buenas pr\u00e1cticas comerciales.[\/vc_column_text][\/vc_column][\/vc_row][vc_row][vc_column width=\u00bb1\/2&#8243;][vc_column_text css=\u00bb\u00bb woodmart_inline=\u00bbno\u00bb text_larger=\u00bbno\u00bb]Nos diferenciamos por nuestra calidad de atenci\u00f3n y por brindar asesoramiento, servicio t\u00e9cnico-comercial especializado a nuestros clientes en variadas industrias de alimento y bebidas:<\/p>\n<blockquote>\n<ul>\n<li>Granos Almacenados<\/li>\n<li>Hogar y Jard\u00edn<\/li>\n<li>Plagas Urbanas<\/li>\n<li>Espacios verdes<\/li>\n<li>Industria y Comercio<\/li>\n<li>Higiene y Desinfecci\u00f3n<\/li>\n<\/ul>\n<\/blockquote>\n<p>[\/vc_column_text][\/vc_column][vc_column width=\u00bb1\/2&#8243;]\n\t\t<div id=\"wd-686eecd45d353\" class=\"title-wrapper wd-wpb wd-set-mb reset-last-child  wd-rs-686eecd45d353 wd-title-color-default wd-title-style-underlined text-left  wd-underline-colored\">\n\t\t\t\n\t\t\t<div class=\"liner-continer\">\n\t\t\t\t<h4 class=\"woodmart-title-container title  wd-font-weight- wd-fontsize-xxl\" >MISI\u00d3N<\/h4>\n\t\t\t\t\t\t\t<\/div>\n\t\t\t\n\t\t\t\n\t\t\t\n\t\t<\/div>\n\t\t\n\t\t[vc_column_text css=\u00bb\u00bb woodmart_inline=\u00bbno\u00bb text_larger=\u00bbno\u00bb]<\/p>\n<blockquote>\n<p>Aplicar los mejores talentos, recursos, m\u00e9todos de control de plagas con el prop\u00f3sito de satisfacer a cada cliente, proporcion\u00e1ndole una gran variedad de productos y servicios de calidad, protegiendo su salud y calidad de vida.<\/p>\n<\/blockquote>\n<p>[\/vc_column_text][\/vc_column][\/vc_row]<\/p>\n<\/div>","protected":false},"excerpt":{"rendered":"<p>[vc_row][vc_column width=\u00bb1\/2&#8243;][vc_single_image image=\u00bb10176&#8243; img_size=\u00bbfull\u00bb css=\u00bb\u00bb parallax_scroll=\u00bbno\u00bb woodmart_inline=\u00bbno\u00bb][\/vc_column][vc_column width=\u00bb1\/2&#8243;][vc_column_text css=\u00bb\u00bb woodmart_inline=\u00bbno\u00bb text_larger=\u00bbno\u00bb]Somos una empresa Boliviana con m\u00e1s de 8 a\u00f1os en<\/p>\n","protected":false},"author":1,"featured_media":0,"parent":0,"menu_order":0,"comment_status":"closed","ping_status":"closed","template":"","meta":{"_joinchat":[],"footnotes":""},"class_list":["post-5212","page","type-page","status-publish","hentry"],"yoast_head":"<!-- This site is optimized with the Yoast SEO plugin v25.9 - https:\/\/yoast.com\/wordpress\/plugins\/seo\/ -->\n<title>Quienes Somos - Serconplagas<\/title>\n<meta name=\"robots\" content=\"index, follow, max-snippet:-1, max-image-preview:large, max-video-preview:-1\" \/>\n<link rel=\"canonical\" href=\"https:\/\/www.serconplagasbolivia.com\/web\/quienes-somos\/\" \/>\n<meta property=\"og:locale\" content=\"es_ES\" \/>\n<meta property=\"og:type\" content=\"article\" \/>\n<meta property=\"og:title\" content=\"Quienes Somos - Serconplagas\" \/>\n<meta property=\"og:description\" content=\"[vc_row][vc_column width=\u00bb1\/2&#8243;][vc_single_image image=\u00bb10176&#8243; img_size=\u00bbfull\u00bb css=\u00bb\u00bb parallax_scroll=\u00bbno\u00bb woodmart_inline=\u00bbno\u00bb][\/vc_column][vc_column width=\u00bb1\/2&#8243;][vc_column_text css=\u00bb\u00bb woodmart_inline=\u00bbno\u00bb text_larger=\u00bbno\u00bb]Somos una empresa Boliviana con m\u00e1s de 8 a\u00f1os en\" \/>\n<meta property=\"og:url\" content=\"https:\/\/www.serconplagasbolivia.com\/web\/quienes-somos\/\" \/>\n<meta property=\"og:site_name\" content=\"Serconplagas\" \/>\n<meta property=\"article:publisher\" content=\"https:\/\/www.facebook.com\/Sercomplagasbo\" \/>\n<meta property=\"article:modified_time\" content=\"2025-07-09T22:34:56+00:00\" \/>\n<meta name=\"twitter:card\" content=\"summary_large_image\" \/>\n<meta name=\"twitter:label1\" content=\"Tiempo de lectura\" \/>\n\t<meta name=\"twitter:data1\" content=\"2 minutos\" \/>\n<script type=\"application\/ld+json\" class=\"yoast-schema-graph\">{\"@context\":\"https:\/\/schema.org\",\"@graph\":[{\"@type\":\"WebPage\",\"@id\":\"https:\/\/www.serconplagasbolivia.com\/web\/quienes-somos\/\",\"url\":\"https:\/\/www.serconplagasbolivia.com\/web\/quienes-somos\/\",\"name\":\"Quienes Somos - Serconplagas\",\"isPartOf\":{\"@id\":\"https:\/\/www.serconplagasbolivia.com\/web\/#website\"},\"datePublished\":\"2021-08-25T07:26:28+00:00\",\"dateModified\":\"2025-07-09T22:34:56+00:00\",\"breadcrumb\":{\"@id\":\"https:\/\/www.serconplagasbolivia.com\/web\/quienes-somos\/#breadcrumb\"},\"inLanguage\":\"es\",\"potentialAction\":[{\"@type\":\"ReadAction\",\"target\":[\"https:\/\/www.serconplagasbolivia.com\/web\/quienes-somos\/\"]}]},{\"@type\":\"BreadcrumbList\",\"@id\":\"https:\/\/www.serconplagasbolivia.com\/web\/quienes-somos\/#breadcrumb\",\"itemListElement\":[{\"@type\":\"ListItem\",\"position\":1,\"name\":\"Portada\",\"item\":\"https:\/\/www.serconplagasbolivia.com\/web\/\"},{\"@type\":\"ListItem\",\"position\":2,\"name\":\"Quienes Somos\"}]},{\"@type\":\"WebSite\",\"@id\":\"https:\/\/www.serconplagasbolivia.com\/web\/#website\",\"url\":\"https:\/\/www.serconplagasbolivia.com\/web\/\",\"name\":\"Serconplagas\",\"description\":\"\",\"publisher\":{\"@id\":\"https:\/\/www.serconplagasbolivia.com\/web\/#organization\"},\"potentialAction\":[{\"@type\":\"SearchAction\",\"target\":{\"@type\":\"EntryPoint\",\"urlTemplate\":\"https:\/\/www.serconplagasbolivia.com\/web\/?s={search_term_string}\"},\"query-input\":{\"@type\":\"PropertyValueSpecification\",\"valueRequired\":true,\"valueName\":\"search_term_string\"}}],\"inLanguage\":\"es\"},{\"@type\":\"Organization\",\"@id\":\"https:\/\/www.serconplagasbolivia.com\/web\/#organization\",\"name\":\"Serconplagas\",\"url\":\"https:\/\/www.serconplagasbolivia.com\/web\/\",\"logo\":{\"@type\":\"ImageObject\",\"inLanguage\":\"es\",\"@id\":\"https:\/\/www.serconplagasbolivia.com\/web\/#\/schema\/logo\/image\/\",\"url\":\"https:\/\/www.serconplagasbolivia.com\/web\/wp-content\/uploads\/2025\/07\/logo2.png\",\"contentUrl\":\"https:\/\/www.serconplagasbolivia.com\/web\/wp-content\/uploads\/2025\/07\/logo2.png\",\"width\":600,\"height\":205,\"caption\":\"Serconplagas\"},\"image\":{\"@id\":\"https:\/\/www.serconplagasbolivia.com\/web\/#\/schema\/logo\/image\/\"},\"sameAs\":[\"https:\/\/www.facebook.com\/Sercomplagasbo\"]}]}<\/script>\n<!-- \/ Yoast SEO plugin. -->","yoast_head_json":{"title":"Quienes Somos - Serconplagas","robots":{"index":"index","follow":"follow","max-snippet":"max-snippet:-1","max-image-preview":"max-image-preview:large","max-video-preview":"max-video-preview:-1"},"canonical":"https:\/\/www.serconplagasbolivia.com\/web\/quienes-somos\/","og_locale":"es_ES","og_type":"article","og_title":"Quienes Somos - Serconplagas","og_description":"[vc_row][vc_column width=\u00bb1\/2&#8243;][vc_single_image image=\u00bb10176&#8243; img_size=\u00bbfull\u00bb css=\u00bb\u00bb parallax_scroll=\u00bbno\u00bb woodmart_inline=\u00bbno\u00bb][\/vc_column][vc_column width=\u00bb1\/2&#8243;][vc_column_text css=\u00bb\u00bb woodmart_inline=\u00bbno\u00bb text_larger=\u00bbno\u00bb]Somos una empresa Boliviana con m\u00e1s de 8 a\u00f1os en","og_url":"https:\/\/www.serconplagasbolivia.com\/web\/quienes-somos\/","og_site_name":"Serconplagas","article_publisher":"https:\/\/www.facebook.com\/Sercomplagasbo","article_modified_time":"2025-07-09T22:34:56+00:00","twitter_card":"summary_large_image","twitter_misc":{"Tiempo de lectura":"2 minutos"},"schema":{"@context":"https:\/\/schema.org","@graph":[{"@type":"WebPage","@id":"https:\/\/www.serconplagasbolivia.com\/web\/quienes-somos\/","url":"https:\/\/www.serconplagasbolivia.com\/web\/quienes-somos\/","name":"Quienes Somos - Serconplagas","isPartOf":{"@id":"https:\/\/www.serconplagasbolivia.com\/web\/#website"},"datePublished":"2021-08-25T07:26:28+00:00","dateModified":"2025-07-09T22:34:56+00:00","breadcrumb":{"@id":"https:\/\/www.serconplagasbolivia.com\/web\/quienes-somos\/#breadcrumb"},"inLanguage":"es","potentialAction":[{"@type":"ReadAction","target":["https:\/\/www.serconplagasbolivia.com\/web\/quienes-somos\/"]}]},{"@type":"BreadcrumbList","@id":"https:\/\/www.serconplagasbolivia.com\/web\/quienes-somos\/#breadcrumb","itemListElement":[{"@type":"ListItem","position":1,"name":"Portada","item":"https:\/\/www.serconplagasbolivia.com\/web\/"},{"@type":"ListItem","position":2,"name":"Quienes Somos"}]},{"@type":"WebSite","@id":"https:\/\/www.serconplagasbolivia.com\/web\/#website","url":"https:\/\/www.serconplagasbolivia.com\/web\/","name":"Serconplagas","description":"","publisher":{"@id":"https:\/\/www.serconplagasbolivia.com\/web\/#organization"},"potentialAction":[{"@type":"SearchAction","target":{"@type":"EntryPoint","urlTemplate":"https:\/\/www.serconplagasbolivia.com\/web\/?s={search_term_string}"},"query-input":{"@type":"PropertyValueSpecification","valueRequired":true,"valueName":"search_term_string"}}],"inLanguage":"es"},{"@type":"Organization","@id":"https:\/\/www.serconplagasbolivia.com\/web\/#organization","name":"Serconplagas","url":"https:\/\/www.serconplagasbolivia.com\/web\/","logo":{"@type":"ImageObject","inLanguage":"es","@id":"https:\/\/www.serconplagasbolivia.com\/web\/#\/schema\/logo\/image\/","url":"https:\/\/www.serconplagasbolivia.com\/web\/wp-content\/uploads\/2025\/07\/logo2.png","contentUrl":"https:\/\/www.serconplagasbolivia.com\/web\/wp-content\/uploads\/2025\/07\/logo2.png","width":600,"height":205,"caption":"Serconplagas"},"image":{"@id":"https:\/\/www.serconplagasbolivia.com\/web\/#\/schema\/logo\/image\/"},"sameAs":["https:\/\/www.facebook.com\/Sercomplagasbo"]}]}},"_links":{"self":[{"href":"https:\/\/www.serconplagasbolivia.com\/web\/wp-json\/wp\/v2\/pages\/5212","targetHints":{"allow":["GET"]}}],"collection":[{"href":"https:\/\/www.serconplagasbolivia.com\/web\/wp-json\/wp\/v2\/pages"}],"about":[{"href":"https:\/\/www.serconplagasbolivia.com\/web\/wp-json\/wp\/v2\/types\/page"}],"author":[{"embeddable":true,"href":"https:\/\/www.serconplagasbolivia.com\/web\/wp-json\/wp\/v2\/users\/1"}],"replies":[{"embeddable":true,"href":"https:\/\/www.serconplagasbolivia.com\/web\/wp-json\/wp\/v2\/comments?post=5212"}],"version-history":[{"count":6,"href":"https:\/\/www.serconplagasbolivia.com\/web\/wp-json\/wp\/v2\/pages\/5212\/revisions"}],"predecessor-version":[{"id":10177,"href":"https:\/\/www.serconplagasbolivia.com\/web\/wp-json\/wp\/v2\/pages\/5212\/revisions\/10177"}],"wp:attachment":[{"href":"https:\/\/www.serconplagasbolivia.com\/web\/wp-json\/wp\/v2\/media?parent=5212"}],"curies":[{"name":"wp","href":"https:\/\/api.w.org\/{rel}","templated":true}]}}