{"id":10212,"date":"2021-08-25T07:26:28","date_gmt":"2021-08-25T05:26:28","guid":{"rendered":"https:\/\/serconplagasbolivia.com\/web\/?page_id=10212"},"modified":"2025-07-10T18:38:31","modified_gmt":"2025-07-10T16:38:31","slug":"tratamiento-en-general","status":"publish","type":"page","link":"https:\/\/www.serconplagasbolivia.com\/web\/tratamiento-en-general\/","title":{"rendered":"Tratamiento en General"},"content":{"rendered":"<div class=\"wpb-content-wrapper\"><p>[vc_row][vc_column width=\u00bb1\/3&#8243;][vc_single_image image=\u00bb10126&#8243; img_size=\u00bbfull\u00bb css=\u00bb\u00bb parallax_scroll=\u00bbno\u00bb woodmart_inline=\u00bbno\u00bb][\/vc_column][vc_column width=\u00bb2\/3&#8243;][vc_column_text css=\u00bb\u00bb woodmart_inline=\u00bbno\u00bb text_larger=\u00bbno\u00bb]Los \u00e1caros, hongos, insectos, se pueden reproducir en exceso molestando a las personas y haciendo que el jard\u00edn pierda su encanto.<\/p>\n<p>Te ofrecemos el servicio de control de plagas aplicando las \u00faltimas t\u00e9cnicas en tratamiento para estas enfermedades, utilizando siempre productos no da\u00f1inos para las personas y el medioambiente.[\/vc_column_text][\/vc_column][\/vc_row]<\/p>\n<\/div>","protected":false},"excerpt":{"rendered":"<p>[vc_row][vc_column width=\u00bb1\/3&#8243;][vc_single_image image=\u00bb10126&#8243; img_size=\u00bbfull\u00bb css=\u00bb\u00bb parallax_scroll=\u00bbno\u00bb woodmart_inline=\u00bbno\u00bb][\/vc_column][vc_column width=\u00bb2\/3&#8243;][vc_column_text css=\u00bb\u00bb woodmart_inline=\u00bbno\u00bb text_larger=\u00bbno\u00bb]Los \u00e1caros, hongos, insectos, se pueden reproducir en exceso molestando<\/p>\n","protected":false},"author":1,"featured_media":0,"parent":0,"menu_order":0,"comment_status":"closed","ping_status":"closed","template":"","meta":{"_joinchat":[],"footnotes":""},"class_list":["post-10212","page","type-page","status-publish","hentry"],"yoast_head":"<!-- This site is optimized with the Yoast SEO plugin v25.9 - https:\/\/yoast.com\/wordpress\/plugins\/seo\/ -->\n<title>Tratamiento en General - Serconplagas<\/title>\n<meta name=\"robots\" content=\"index, follow, max-snippet:-1, max-image-preview:large, max-video-preview:-1\" \/>\n<link rel=\"canonical\" href=\"https:\/\/www.serconplagasbolivia.com\/web\/tratamiento-en-general\/\" \/>\n<meta property=\"og:locale\" content=\"es_ES\" \/>\n<meta property=\"og:type\" content=\"article\" \/>\n<meta property=\"og:title\" content=\"Tratamiento en General - Serconplagas\" \/>\n<meta property=\"og:description\" content=\"[vc_row][vc_column width=\u00bb1\/3&#8243;][vc_single_image image=\u00bb10126&#8243; img_size=\u00bbfull\u00bb css=\u00bb\u00bb parallax_scroll=\u00bbno\u00bb woodmart_inline=\u00bbno\u00bb][\/vc_column][vc_column width=\u00bb2\/3&#8243;][vc_column_text css=\u00bb\u00bb woodmart_inline=\u00bbno\u00bb text_larger=\u00bbno\u00bb]Los \u00e1caros, hongos, insectos, se pueden reproducir en exceso molestando\" \/>\n<meta property=\"og:url\" content=\"https:\/\/www.serconplagasbolivia.com\/web\/tratamiento-en-general\/\" \/>\n<meta property=\"og:site_name\" content=\"Serconplagas\" \/>\n<meta property=\"article:publisher\" content=\"https:\/\/www.facebook.com\/Sercomplagasbo\" \/>\n<meta property=\"article:modified_time\" content=\"2025-07-10T16:38:31+00:00\" \/>\n<meta name=\"twitter:card\" content=\"summary_large_image\" \/>\n<script type=\"application\/ld+json\" class=\"yoast-schema-graph\">{\"@context\":\"https:\/\/schema.org\",\"@graph\":[{\"@type\":\"WebPage\",\"@id\":\"https:\/\/www.serconplagasbolivia.com\/web\/tratamiento-en-general\/\",\"url\":\"https:\/\/www.serconplagasbolivia.com\/web\/tratamiento-en-general\/\",\"name\":\"Tratamiento en General - Serconplagas\",\"isPartOf\":{\"@id\":\"https:\/\/www.serconplagasbolivia.com\/web\/#website\"},\"datePublished\":\"2021-08-25T05:26:28+00:00\",\"dateModified\":\"2025-07-10T16:38:31+00:00\",\"breadcrumb\":{\"@id\":\"https:\/\/www.serconplagasbolivia.com\/web\/tratamiento-en-general\/#breadcrumb\"},\"inLanguage\":\"es\",\"potentialAction\":[{\"@type\":\"ReadAction\",\"target\":[\"https:\/\/www.serconplagasbolivia.com\/web\/tratamiento-en-general\/\"]}]},{\"@type\":\"BreadcrumbList\",\"@id\":\"https:\/\/www.serconplagasbolivia.com\/web\/tratamiento-en-general\/#breadcrumb\",\"itemListElement\":[{\"@type\":\"ListItem\",\"position\":1,\"name\":\"Portada\",\"item\":\"https:\/\/www.serconplagasbolivia.com\/web\/\"},{\"@type\":\"ListItem\",\"position\":2,\"name\":\"Tratamiento en General\"}]},{\"@type\":\"WebSite\",\"@id\":\"https:\/\/www.serconplagasbolivia.com\/web\/#website\",\"url\":\"https:\/\/www.serconplagasbolivia.com\/web\/\",\"name\":\"Serconplagas\",\"description\":\"\",\"publisher\":{\"@id\":\"https:\/\/www.serconplagasbolivia.com\/web\/#organization\"},\"potentialAction\":[{\"@type\":\"SearchAction\",\"target\":{\"@type\":\"EntryPoint\",\"urlTemplate\":\"https:\/\/www.serconplagasbolivia.com\/web\/?s={search_term_string}\"},\"query-input\":{\"@type\":\"PropertyValueSpecification\",\"valueRequired\":true,\"valueName\":\"search_term_string\"}}],\"inLanguage\":\"es\"},{\"@type\":\"Organization\",\"@id\":\"https:\/\/www.serconplagasbolivia.com\/web\/#organization\",\"name\":\"Serconplagas\",\"url\":\"https:\/\/www.serconplagasbolivia.com\/web\/\",\"logo\":{\"@type\":\"ImageObject\",\"inLanguage\":\"es\",\"@id\":\"https:\/\/www.serconplagasbolivia.com\/web\/#\/schema\/logo\/image\/\",\"url\":\"https:\/\/www.serconplagasbolivia.com\/web\/wp-content\/uploads\/2025\/07\/logo2.png\",\"contentUrl\":\"https:\/\/www.serconplagasbolivia.com\/web\/wp-content\/uploads\/2025\/07\/logo2.png\",\"width\":600,\"height\":205,\"caption\":\"Serconplagas\"},\"image\":{\"@id\":\"https:\/\/www.serconplagasbolivia.com\/web\/#\/schema\/logo\/image\/\"},\"sameAs\":[\"https:\/\/www.facebook.com\/Sercomplagasbo\"]}]}<\/script>\n<!-- \/ Yoast SEO plugin. -->","yoast_head_json":{"title":"Tratamiento en General - Serconplagas","robots":{"index":"index","follow":"follow","max-snippet":"max-snippet:-1","max-image-preview":"max-image-preview:large","max-video-preview":"max-video-preview:-1"},"canonical":"https:\/\/www.serconplagasbolivia.com\/web\/tratamiento-en-general\/","og_locale":"es_ES","og_type":"article","og_title":"Tratamiento en General - Serconplagas","og_description":"[vc_row][vc_column width=\u00bb1\/3&#8243;][vc_single_image image=\u00bb10126&#8243; img_size=\u00bbfull\u00bb css=\u00bb\u00bb parallax_scroll=\u00bbno\u00bb woodmart_inline=\u00bbno\u00bb][\/vc_column][vc_column width=\u00bb2\/3&#8243;][vc_column_text css=\u00bb\u00bb woodmart_inline=\u00bbno\u00bb text_larger=\u00bbno\u00bb]Los \u00e1caros, hongos, insectos, se pueden reproducir en exceso molestando","og_url":"https:\/\/www.serconplagasbolivia.com\/web\/tratamiento-en-general\/","og_site_name":"Serconplagas","article_publisher":"https:\/\/www.facebook.com\/Sercomplagasbo","article_modified_time":"2025-07-10T16:38:31+00:00","twitter_card":"summary_large_image","schema":{"@context":"https:\/\/schema.org","@graph":[{"@type":"WebPage","@id":"https:\/\/www.serconplagasbolivia.com\/web\/tratamiento-en-general\/","url":"https:\/\/www.serconplagasbolivia.com\/web\/tratamiento-en-general\/","name":"Tratamiento en General - Serconplagas","isPartOf":{"@id":"https:\/\/www.serconplagasbolivia.com\/web\/#website"},"datePublished":"2021-08-25T05:26:28+00:00","dateModified":"2025-07-10T16:38:31+00:00","breadcrumb":{"@id":"https:\/\/www.serconplagasbolivia.com\/web\/tratamiento-en-general\/#breadcrumb"},"inLanguage":"es","potentialAction":[{"@type":"ReadAction","target":["https:\/\/www.serconplagasbolivia.com\/web\/tratamiento-en-general\/"]}]},{"@type":"BreadcrumbList","@id":"https:\/\/www.serconplagasbolivia.com\/web\/tratamiento-en-general\/#breadcrumb","itemListElement":[{"@type":"ListItem","position":1,"name":"Portada","item":"https:\/\/www.serconplagasbolivia.com\/web\/"},{"@type":"ListItem","position":2,"name":"Tratamiento en General"}]},{"@type":"WebSite","@id":"https:\/\/www.serconplagasbolivia.com\/web\/#website","url":"https:\/\/www.serconplagasbolivia.com\/web\/","name":"Serconplagas","description":"","publisher":{"@id":"https:\/\/www.serconplagasbolivia.com\/web\/#organization"},"potentialAction":[{"@type":"SearchAction","target":{"@type":"EntryPoint","urlTemplate":"https:\/\/www.serconplagasbolivia.com\/web\/?s={search_term_string}"},"query-input":{"@type":"PropertyValueSpecification","valueRequired":true,"valueName":"search_term_string"}}],"inLanguage":"es"},{"@type":"Organization","@id":"https:\/\/www.serconplagasbolivia.com\/web\/#organization","name":"Serconplagas","url":"https:\/\/www.serconplagasbolivia.com\/web\/","logo":{"@type":"ImageObject","inLanguage":"es","@id":"https:\/\/www.serconplagasbolivia.com\/web\/#\/schema\/logo\/image\/","url":"https:\/\/www.serconplagasbolivia.com\/web\/wp-content\/uploads\/2025\/07\/logo2.png","contentUrl":"https:\/\/www.serconplagasbolivia.com\/web\/wp-content\/uploads\/2025\/07\/logo2.png","width":600,"height":205,"caption":"Serconplagas"},"image":{"@id":"https:\/\/www.serconplagasbolivia.com\/web\/#\/schema\/logo\/image\/"},"sameAs":["https:\/\/www.facebook.com\/Sercomplagasbo"]}]}},"_links":{"self":[{"href":"https:\/\/www.serconplagasbolivia.com\/web\/wp-json\/wp\/v2\/pages\/10212","targetHints":{"allow":["GET"]}}],"collection":[{"href":"https:\/\/www.serconplagasbolivia.com\/web\/wp-json\/wp\/v2\/pages"}],"about":[{"href":"https:\/\/www.serconplagasbolivia.com\/web\/wp-json\/wp\/v2\/types\/page"}],"author":[{"embeddable":true,"href":"https:\/\/www.serconplagasbolivia.com\/web\/wp-json\/wp\/v2\/users\/1"}],"replies":[{"embeddable":true,"href":"https:\/\/www.serconplagasbolivia.com\/web\/wp-json\/wp\/v2\/comments?post=10212"}],"version-history":[{"count":2,"href":"https:\/\/www.serconplagasbolivia.com\/web\/wp-json\/wp\/v2\/pages\/10212\/revisions"}],"predecessor-version":[{"id":10214,"href":"https:\/\/www.serconplagasbolivia.com\/web\/wp-json\/wp\/v2\/pages\/10212\/revisions\/10214"}],"wp:attachment":[{"href":"https:\/\/www.serconplagasbolivia.com\/web\/wp-json\/wp\/v2\/media?parent=10212"}],"curies":[{"name":"wp","href":"https:\/\/api.w.org\/{rel}","templated":true}]}}