{"id":10200,"date":"2021-08-25T07:26:28","date_gmt":"2021-08-25T05:26:28","guid":{"rendered":"https:\/\/serconplagasbolivia.com\/web\/?page_id=10200"},"modified":"2025-07-10T18:30:18","modified_gmt":"2025-07-10T16:30:18","slug":"control-de-aves","status":"publish","type":"page","link":"https:\/\/www.serconplagasbolivia.com\/web\/control-de-aves\/","title":{"rendered":"Control de Aves"},"content":{"rendered":"<div class=\"wpb-content-wrapper\"><p>[vc_row][vc_column width=\u00bb1\/3&#8243;][vc_single_image image=\u00bb10129&#8243; img_size=\u00bbfull\u00bb css=\u00bb\u00bb parallax_scroll=\u00bbno\u00bb woodmart_inline=\u00bbno\u00bb][\/vc_column][vc_column width=\u00bb2\/3&#8243;][vc_column_text css=\u00bb\u00bb woodmart_inline=\u00bbno\u00bb text_larger=\u00bbno\u00bb]Las aves pueden causar graves perjuicios econ\u00f3micos. Las cuatro especies de aves que pueden ocasionar m\u00e1s problemas son la paloma, el gorri\u00f3n, la gaviota arg\u00e9ntea y los estorninos.<\/p>\n<p>La suciedad que generan a consecuencia de los excrementos, las plumas y el material de sus nidos, puede afectar a los sistemas de evacuaci\u00f3n de agua de lluvia, obtur\u00e1ndolos y como consecuencia generar humedades que pueden afectar la estructura del edificio.<\/p>\n<p>Sus excrementos tambi\u00e9n pueden causar importantes da\u00f1os en edificios y mobiliario urbano ya que el \u00e1cido \u00farico que contiene es altamente corrosivo.[\/vc_column_text][\/vc_column][\/vc_row][vc_row][vc_column][vc_column_text css=\u00bb\u00bb woodmart_inline=\u00bbno\u00bb text_larger=\u00bbno\u00bb]Por este motivo pueden reducir a la mitad la vida media de una fachada o afectar gravemente las unidades de aire acondicionado y el sistema de recogida de aguas pluviales de los tejados o de patios interiores. Tambi\u00e9n pueden constituir vectores de transmisi\u00f3n de enfermedades y pueden contaminar alimentos y dep\u00f3sitos de agua para el consumo.<\/p>\n<p><strong>\u00bfSe pueden controlar todas las especies de aves?<\/strong><\/p>\n<p>No, la mayor parte de las aves est\u00e1n protegidas, concretamente todas las ave insect\u00edvoras lo est\u00e1n. En este grupo encontramos aves t\u00edpicamente de medio urbano como son las golondrinas y los vencejos. Est\u00e1n protegidos tanto las aves como su h\u00e1bitat por lo que no puede eliminarse ning\u00fan nido sin la previa autorizaci\u00f3n de la administraci\u00f3n competente. Por el contrario, las palomas y las gaviotas no est\u00e1n protegidas pero es necesaria una autorizaci\u00f3n municipal para su control.<\/p>\n<p><strong>Para evitar la problem\u00e1tica causada por las aves hay diversos tipos de medidas.<\/strong><\/p>\n<p>En la mayor\u00eda de caos se deber\u00e1 combinar m\u00e1s de una medida para garantizar el \u00e9xito. Para escoger la mejor opci\u00f3n es preciso tener en cuenta la especie causante del problema, las caracter\u00edsticas del lugar donde se deben implantar las medidas y la extensi\u00f3n de la zona a proteger.<\/p>\n<p><strong>Las Medidas de Exclusi\u00f3n<\/strong><\/p>\n<p>Son aquellas que tienen como objetivo romper el comportamiento habitual de las aves consiguiendo que el lugar deje de ser un atractivo para ellas o bien que no les ofrezca seguridad.<\/p>\n<p>Serconplagas cuenta con m\u00e1s de 8 a\u00f1os de experiencia&nbsp;para ofrecerle la mejor soluci\u00f3n de los distintos sistemas de exclusi\u00f3n:<\/p>\n<ul>\n<li>Sistemas de pinchos<\/li>\n<li>Sistema de cables<\/li>\n<li>Sistema de redes<\/li>\n<li>Electrorepulsi\u00f3n<\/li>\n<li>Ahuyentadores auditivos<\/li>\n<li>Ahuyentadores visuales<\/li>\n<li>Gel repelente de contacto y olfativo<\/li>\n<li>Capturas<\/li>\n<\/ul>\n<p>[\/vc_column_text][\/vc_column][\/vc_row]<\/p>\n<\/div>","protected":false},"excerpt":{"rendered":"<p>[vc_row][vc_column width=\u00bb1\/3&#8243;][vc_single_image image=\u00bb10129&#8243; img_size=\u00bbfull\u00bb css=\u00bb\u00bb parallax_scroll=\u00bbno\u00bb woodmart_inline=\u00bbno\u00bb][\/vc_column][vc_column width=\u00bb2\/3&#8243;][vc_column_text css=\u00bb\u00bb woodmart_inline=\u00bbno\u00bb text_larger=\u00bbno\u00bb]Las aves pueden causar graves perjuicios econ\u00f3micos. Las cuatro especies<\/p>\n","protected":false},"author":1,"featured_media":0,"parent":0,"menu_order":0,"comment_status":"closed","ping_status":"closed","template":"","meta":{"_joinchat":[],"footnotes":""},"class_list":["post-10200","page","type-page","status-publish","hentry"],"yoast_head":"<!-- This site is optimized with the Yoast SEO plugin v25.9 - https:\/\/yoast.com\/wordpress\/plugins\/seo\/ -->\n<title>Control de Aves - Serconplagas<\/title>\n<meta name=\"robots\" content=\"index, follow, max-snippet:-1, max-image-preview:large, max-video-preview:-1\" \/>\n<link rel=\"canonical\" href=\"https:\/\/www.serconplagasbolivia.com\/web\/control-de-aves\/\" \/>\n<meta property=\"og:locale\" content=\"es_ES\" \/>\n<meta property=\"og:type\" content=\"article\" \/>\n<meta property=\"og:title\" content=\"Control de Aves - Serconplagas\" \/>\n<meta property=\"og:description\" content=\"[vc_row][vc_column width=\u00bb1\/3&#8243;][vc_single_image image=\u00bb10129&#8243; img_size=\u00bbfull\u00bb css=\u00bb\u00bb parallax_scroll=\u00bbno\u00bb woodmart_inline=\u00bbno\u00bb][\/vc_column][vc_column width=\u00bb2\/3&#8243;][vc_column_text css=\u00bb\u00bb woodmart_inline=\u00bbno\u00bb text_larger=\u00bbno\u00bb]Las aves pueden causar graves perjuicios econ\u00f3micos. Las cuatro especies\" \/>\n<meta property=\"og:url\" content=\"https:\/\/www.serconplagasbolivia.com\/web\/control-de-aves\/\" \/>\n<meta property=\"og:site_name\" content=\"Serconplagas\" \/>\n<meta property=\"article:publisher\" content=\"https:\/\/www.facebook.com\/Sercomplagasbo\" \/>\n<meta property=\"article:modified_time\" content=\"2025-07-10T16:30:18+00:00\" \/>\n<meta name=\"twitter:card\" content=\"summary_large_image\" \/>\n<meta name=\"twitter:label1\" content=\"Tiempo de lectura\" \/>\n\t<meta name=\"twitter:data1\" content=\"2 minutos\" \/>\n<script type=\"application\/ld+json\" class=\"yoast-schema-graph\">{\"@context\":\"https:\/\/schema.org\",\"@graph\":[{\"@type\":\"WebPage\",\"@id\":\"https:\/\/www.serconplagasbolivia.com\/web\/control-de-aves\/\",\"url\":\"https:\/\/www.serconplagasbolivia.com\/web\/control-de-aves\/\",\"name\":\"Control de Aves - Serconplagas\",\"isPartOf\":{\"@id\":\"https:\/\/www.serconplagasbolivia.com\/web\/#website\"},\"datePublished\":\"2021-08-25T05:26:28+00:00\",\"dateModified\":\"2025-07-10T16:30:18+00:00\",\"breadcrumb\":{\"@id\":\"https:\/\/www.serconplagasbolivia.com\/web\/control-de-aves\/#breadcrumb\"},\"inLanguage\":\"es\",\"potentialAction\":[{\"@type\":\"ReadAction\",\"target\":[\"https:\/\/www.serconplagasbolivia.com\/web\/control-de-aves\/\"]}]},{\"@type\":\"BreadcrumbList\",\"@id\":\"https:\/\/www.serconplagasbolivia.com\/web\/control-de-aves\/#breadcrumb\",\"itemListElement\":[{\"@type\":\"ListItem\",\"position\":1,\"name\":\"Portada\",\"item\":\"https:\/\/www.serconplagasbolivia.com\/web\/\"},{\"@type\":\"ListItem\",\"position\":2,\"name\":\"Control de Aves\"}]},{\"@type\":\"WebSite\",\"@id\":\"https:\/\/www.serconplagasbolivia.com\/web\/#website\",\"url\":\"https:\/\/www.serconplagasbolivia.com\/web\/\",\"name\":\"Serconplagas\",\"description\":\"\",\"publisher\":{\"@id\":\"https:\/\/www.serconplagasbolivia.com\/web\/#organization\"},\"potentialAction\":[{\"@type\":\"SearchAction\",\"target\":{\"@type\":\"EntryPoint\",\"urlTemplate\":\"https:\/\/www.serconplagasbolivia.com\/web\/?s={search_term_string}\"},\"query-input\":{\"@type\":\"PropertyValueSpecification\",\"valueRequired\":true,\"valueName\":\"search_term_string\"}}],\"inLanguage\":\"es\"},{\"@type\":\"Organization\",\"@id\":\"https:\/\/www.serconplagasbolivia.com\/web\/#organization\",\"name\":\"Serconplagas\",\"url\":\"https:\/\/www.serconplagasbolivia.com\/web\/\",\"logo\":{\"@type\":\"ImageObject\",\"inLanguage\":\"es\",\"@id\":\"https:\/\/www.serconplagasbolivia.com\/web\/#\/schema\/logo\/image\/\",\"url\":\"https:\/\/www.serconplagasbolivia.com\/web\/wp-content\/uploads\/2025\/07\/logo2.png\",\"contentUrl\":\"https:\/\/www.serconplagasbolivia.com\/web\/wp-content\/uploads\/2025\/07\/logo2.png\",\"width\":600,\"height\":205,\"caption\":\"Serconplagas\"},\"image\":{\"@id\":\"https:\/\/www.serconplagasbolivia.com\/web\/#\/schema\/logo\/image\/\"},\"sameAs\":[\"https:\/\/www.facebook.com\/Sercomplagasbo\"]}]}<\/script>\n<!-- \/ Yoast SEO plugin. -->","yoast_head_json":{"title":"Control de Aves - Serconplagas","robots":{"index":"index","follow":"follow","max-snippet":"max-snippet:-1","max-image-preview":"max-image-preview:large","max-video-preview":"max-video-preview:-1"},"canonical":"https:\/\/www.serconplagasbolivia.com\/web\/control-de-aves\/","og_locale":"es_ES","og_type":"article","og_title":"Control de Aves - Serconplagas","og_description":"[vc_row][vc_column width=\u00bb1\/3&#8243;][vc_single_image image=\u00bb10129&#8243; img_size=\u00bbfull\u00bb css=\u00bb\u00bb parallax_scroll=\u00bbno\u00bb woodmart_inline=\u00bbno\u00bb][\/vc_column][vc_column width=\u00bb2\/3&#8243;][vc_column_text css=\u00bb\u00bb woodmart_inline=\u00bbno\u00bb text_larger=\u00bbno\u00bb]Las aves pueden causar graves perjuicios econ\u00f3micos. Las cuatro especies","og_url":"https:\/\/www.serconplagasbolivia.com\/web\/control-de-aves\/","og_site_name":"Serconplagas","article_publisher":"https:\/\/www.facebook.com\/Sercomplagasbo","article_modified_time":"2025-07-10T16:30:18+00:00","twitter_card":"summary_large_image","twitter_misc":{"Tiempo de lectura":"2 minutos"},"schema":{"@context":"https:\/\/schema.org","@graph":[{"@type":"WebPage","@id":"https:\/\/www.serconplagasbolivia.com\/web\/control-de-aves\/","url":"https:\/\/www.serconplagasbolivia.com\/web\/control-de-aves\/","name":"Control de Aves - Serconplagas","isPartOf":{"@id":"https:\/\/www.serconplagasbolivia.com\/web\/#website"},"datePublished":"2021-08-25T05:26:28+00:00","dateModified":"2025-07-10T16:30:18+00:00","breadcrumb":{"@id":"https:\/\/www.serconplagasbolivia.com\/web\/control-de-aves\/#breadcrumb"},"inLanguage":"es","potentialAction":[{"@type":"ReadAction","target":["https:\/\/www.serconplagasbolivia.com\/web\/control-de-aves\/"]}]},{"@type":"BreadcrumbList","@id":"https:\/\/www.serconplagasbolivia.com\/web\/control-de-aves\/#breadcrumb","itemListElement":[{"@type":"ListItem","position":1,"name":"Portada","item":"https:\/\/www.serconplagasbolivia.com\/web\/"},{"@type":"ListItem","position":2,"name":"Control de Aves"}]},{"@type":"WebSite","@id":"https:\/\/www.serconplagasbolivia.com\/web\/#website","url":"https:\/\/www.serconplagasbolivia.com\/web\/","name":"Serconplagas","description":"","publisher":{"@id":"https:\/\/www.serconplagasbolivia.com\/web\/#organization"},"potentialAction":[{"@type":"SearchAction","target":{"@type":"EntryPoint","urlTemplate":"https:\/\/www.serconplagasbolivia.com\/web\/?s={search_term_string}"},"query-input":{"@type":"PropertyValueSpecification","valueRequired":true,"valueName":"search_term_string"}}],"inLanguage":"es"},{"@type":"Organization","@id":"https:\/\/www.serconplagasbolivia.com\/web\/#organization","name":"Serconplagas","url":"https:\/\/www.serconplagasbolivia.com\/web\/","logo":{"@type":"ImageObject","inLanguage":"es","@id":"https:\/\/www.serconplagasbolivia.com\/web\/#\/schema\/logo\/image\/","url":"https:\/\/www.serconplagasbolivia.com\/web\/wp-content\/uploads\/2025\/07\/logo2.png","contentUrl":"https:\/\/www.serconplagasbolivia.com\/web\/wp-content\/uploads\/2025\/07\/logo2.png","width":600,"height":205,"caption":"Serconplagas"},"image":{"@id":"https:\/\/www.serconplagasbolivia.com\/web\/#\/schema\/logo\/image\/"},"sameAs":["https:\/\/www.facebook.com\/Sercomplagasbo"]}]}},"_links":{"self":[{"href":"https:\/\/www.serconplagasbolivia.com\/web\/wp-json\/wp\/v2\/pages\/10200","targetHints":{"allow":["GET"]}}],"collection":[{"href":"https:\/\/www.serconplagasbolivia.com\/web\/wp-json\/wp\/v2\/pages"}],"about":[{"href":"https:\/\/www.serconplagasbolivia.com\/web\/wp-json\/wp\/v2\/types\/page"}],"author":[{"embeddable":true,"href":"https:\/\/www.serconplagasbolivia.com\/web\/wp-json\/wp\/v2\/users\/1"}],"replies":[{"embeddable":true,"href":"https:\/\/www.serconplagasbolivia.com\/web\/wp-json\/wp\/v2\/comments?post=10200"}],"version-history":[{"count":3,"href":"https:\/\/www.serconplagasbolivia.com\/web\/wp-json\/wp\/v2\/pages\/10200\/revisions"}],"predecessor-version":[{"id":10208,"href":"https:\/\/www.serconplagasbolivia.com\/web\/wp-json\/wp\/v2\/pages\/10200\/revisions\/10208"}],"wp:attachment":[{"href":"https:\/\/www.serconplagasbolivia.com\/web\/wp-json\/wp\/v2\/media?parent=10200"}],"curies":[{"name":"wp","href":"https:\/\/api.w.org\/{rel}","templated":true}]}}